{"id":100,"date":"2025-06-27T17:09:28","date_gmt":"2025-06-27T15:09:28","guid":{"rendered":"https:\/\/saap-architecture.com\/?page_id=100"},"modified":"2025-07-24T16:56:54","modified_gmt":"2025-07-24T14:56:54","slug":"team","status":"publish","type":"page","link":"https:\/\/saap-architecture.com\/en\/team","title":{"rendered":"Team"},"content":{"rendered":"","protected":false},"excerpt":{"rendered":"","protected":false},"author":1,"featured_media":0,"parent":0,"menu_order":0,"comment_status":"closed","ping_status":"closed","template":"","meta":{"footnotes":""},"class_list":["post-100","page","type-page","status-publish","hentry"],"yoast_head":"<!-- This site is optimized with the Yoast SEO plugin v26.0 - https:\/\/yoast.com\/wordpress\/plugins\/seo\/ -->\n<title>Team - saap<\/title>\n<meta name=\"description\" content=\"Deux architectes aux parcours compl\u00e9mentaires, unis par une m\u00eame exigence\u202f: construire avec justesse, transformer avec m\u00e9thode.\" \/>\n<meta name=\"robots\" content=\"index, follow, max-snippet:-1, max-image-preview:large, max-video-preview:-1\" \/>\n<link rel=\"canonical\" href=\"https:\/\/saap-architecture.com\/en\/team\" \/>\n<meta property=\"og:locale\" content=\"en_GB\" \/>\n<meta property=\"og:type\" content=\"article\" \/>\n<meta property=\"og:title\" content=\"Team - saap\" \/>\n<meta property=\"og:description\" content=\"Deux architectes aux parcours compl\u00e9mentaires, unis par une m\u00eame exigence\u202f: construire avec justesse, transformer avec m\u00e9thode.\" \/>\n<meta property=\"og:url\" content=\"https:\/\/saap-architecture.com\/en\/team\" \/>\n<meta property=\"og:site_name\" content=\"saap\" \/>\n<meta property=\"article:publisher\" content=\"https:\/\/www.facebook.com\/profile.php?id=61577956084423\" \/>\n<meta property=\"article:modified_time\" content=\"2025-07-24T14:56:54+00:00\" \/>\n<meta property=\"og:image\" content=\"https:\/\/saap-architecture.com\/wp-content\/uploads\/2025\/07\/SAAP-Logo2025-Pix-HM-WB.png\" \/>\n\t<meta property=\"og:image:width\" content=\"2000\" \/>\n\t<meta property=\"og:image:height\" content=\"1126\" \/>\n\t<meta property=\"og:image:type\" content=\"image\/png\" \/>\n<meta name=\"twitter:card\" content=\"summary_large_image\" \/>\n<script type=\"application\/ld+json\" class=\"yoast-schema-graph\">{\"@context\":\"https:\/\/schema.org\",\"@graph\":[{\"@type\":\"WebPage\",\"@id\":\"https:\/\/saap-architecture.com\/team\",\"url\":\"https:\/\/saap-architecture.com\/team\",\"name\":\"Team - saap\",\"isPartOf\":{\"@id\":\"https:\/\/saap-architecture.com\/#website\"},\"datePublished\":\"2025-06-27T15:09:28+00:00\",\"dateModified\":\"2025-07-24T14:56:54+00:00\",\"description\":\"Deux architectes aux parcours compl\u00e9mentaires, unis par une m\u00eame exigence\u202f: construire avec justesse, transformer avec m\u00e9thode.\",\"breadcrumb\":{\"@id\":\"https:\/\/saap-architecture.com\/team#breadcrumb\"},\"inLanguage\":\"en-GB\",\"potentialAction\":[{\"@type\":\"ReadAction\",\"target\":[\"https:\/\/saap-architecture.com\/team\"]}]},{\"@type\":\"BreadcrumbList\",\"@id\":\"https:\/\/saap-architecture.com\/team#breadcrumb\",\"itemListElement\":[{\"@type\":\"ListItem\",\"position\":1,\"name\":\"Home\",\"item\":\"https:\/\/saap-architecture.com\/\"},{\"@type\":\"ListItem\",\"position\":2,\"name\":\"Team\"}]},{\"@type\":\"WebSite\",\"@id\":\"https:\/\/saap-architecture.com\/#website\",\"url\":\"https:\/\/saap-architecture.com\/\",\"name\":\"SAAP Architecture\",\"description\":\"Agence d\u2019architecture ind\u00e9pendante sp\u00e9cialis\u00e9e en r\u00e9habilitation, transformation et projets prospectifs. Bas\u00e9e \u00e0 Paris, ouverte \u00e0 l\u2019international.\",\"publisher\":{\"@id\":\"https:\/\/saap-architecture.com\/#organization\"},\"potentialAction\":[{\"@type\":\"SearchAction\",\"target\":{\"@type\":\"EntryPoint\",\"urlTemplate\":\"https:\/\/saap-architecture.com\/?s={search_term_string}\"},\"query-input\":{\"@type\":\"PropertyValueSpecification\",\"valueRequired\":true,\"valueName\":\"search_term_string\"}}],\"inLanguage\":\"en-GB\"},{\"@type\":\"Organization\",\"@id\":\"https:\/\/saap-architecture.com\/#organization\",\"name\":\"saap-architecture\",\"url\":\"https:\/\/saap-architecture.com\/\",\"logo\":{\"@type\":\"ImageObject\",\"inLanguage\":\"en-GB\",\"@id\":\"https:\/\/saap-architecture.com\/#\/schema\/logo\/image\/\",\"url\":\"https:\/\/saap-architecture.com\/wp-content\/uploads\/2025\/07\/SAAP-Logo2025-Pix-HM-WB-1.png\",\"contentUrl\":\"https:\/\/saap-architecture.com\/wp-content\/uploads\/2025\/07\/SAAP-Logo2025-Pix-HM-WB-1.png\",\"width\":600,\"height\":600,\"caption\":\"saap-architecture\"},\"image\":{\"@id\":\"https:\/\/saap-architecture.com\/#\/schema\/logo\/image\/\"},\"sameAs\":[\"https:\/\/www.facebook.com\/profile.php?id=61577956084423\",\"https:\/\/www.instagram.com\/saap_architecture\/\",\"https:\/\/www.linkedin.com\/company\/saap-architecture\"]}]}<\/script>\n<!-- \/ Yoast SEO plugin. -->","yoast_head_json":{"title":"Team - saap","description":"Deux architectes aux parcours compl\u00e9mentaires, unis par une m\u00eame exigence\u202f: construire avec justesse, transformer avec m\u00e9thode.","robots":{"index":"index","follow":"follow","max-snippet":"max-snippet:-1","max-image-preview":"max-image-preview:large","max-video-preview":"max-video-preview:-1"},"canonical":"https:\/\/saap-architecture.com\/en\/team","og_locale":"en_GB","og_type":"article","og_title":"Team - saap","og_description":"Deux architectes aux parcours compl\u00e9mentaires, unis par une m\u00eame exigence\u202f: construire avec justesse, transformer avec m\u00e9thode.","og_url":"https:\/\/saap-architecture.com\/en\/team","og_site_name":"saap","article_publisher":"https:\/\/www.facebook.com\/profile.php?id=61577956084423","article_modified_time":"2025-07-24T14:56:54+00:00","og_image":[{"width":2000,"height":1126,"url":"https:\/\/saap-architecture.com\/wp-content\/uploads\/2025\/07\/SAAP-Logo2025-Pix-HM-WB.png","type":"image\/png"}],"twitter_card":"summary_large_image","schema":{"@context":"https:\/\/schema.org","@graph":[{"@type":"WebPage","@id":"https:\/\/saap-architecture.com\/team","url":"https:\/\/saap-architecture.com\/team","name":"Team - saap","isPartOf":{"@id":"https:\/\/saap-architecture.com\/#website"},"datePublished":"2025-06-27T15:09:28+00:00","dateModified":"2025-07-24T14:56:54+00:00","description":"Deux architectes aux parcours compl\u00e9mentaires, unis par une m\u00eame exigence\u202f: construire avec justesse, transformer avec m\u00e9thode.","breadcrumb":{"@id":"https:\/\/saap-architecture.com\/team#breadcrumb"},"inLanguage":"en-GB","potentialAction":[{"@type":"ReadAction","target":["https:\/\/saap-architecture.com\/team"]}]},{"@type":"BreadcrumbList","@id":"https:\/\/saap-architecture.com\/team#breadcrumb","itemListElement":[{"@type":"ListItem","position":1,"name":"Home","item":"https:\/\/saap-architecture.com\/"},{"@type":"ListItem","position":2,"name":"Team"}]},{"@type":"WebSite","@id":"https:\/\/saap-architecture.com\/#website","url":"https:\/\/saap-architecture.com\/","name":"SAAP Architecture","description":"Agence d\u2019architecture ind\u00e9pendante sp\u00e9cialis\u00e9e en r\u00e9habilitation, transformation et projets prospectifs. Bas\u00e9e \u00e0 Paris, ouverte \u00e0 l\u2019international.","publisher":{"@id":"https:\/\/saap-architecture.com\/#organization"},"potentialAction":[{"@type":"SearchAction","target":{"@type":"EntryPoint","urlTemplate":"https:\/\/saap-architecture.com\/?s={search_term_string}"},"query-input":{"@type":"PropertyValueSpecification","valueRequired":true,"valueName":"search_term_string"}}],"inLanguage":"en-GB"},{"@type":"Organization","@id":"https:\/\/saap-architecture.com\/#organization","name":"saap-architecture","url":"https:\/\/saap-architecture.com\/","logo":{"@type":"ImageObject","inLanguage":"en-GB","@id":"https:\/\/saap-architecture.com\/#\/schema\/logo\/image\/","url":"https:\/\/saap-architecture.com\/wp-content\/uploads\/2025\/07\/SAAP-Logo2025-Pix-HM-WB-1.png","contentUrl":"https:\/\/saap-architecture.com\/wp-content\/uploads\/2025\/07\/SAAP-Logo2025-Pix-HM-WB-1.png","width":600,"height":600,"caption":"saap-architecture"},"image":{"@id":"https:\/\/saap-architecture.com\/#\/schema\/logo\/image\/"},"sameAs":["https:\/\/www.facebook.com\/profile.php?id=61577956084423","https:\/\/www.instagram.com\/saap_architecture\/","https:\/\/www.linkedin.com\/company\/saap-architecture"]}]}},"_links":{"self":[{"href":"https:\/\/saap-architecture.com\/en\/wp-json\/wp\/v2\/pages\/100","targetHints":{"allow":["GET"]}}],"collection":[{"href":"https:\/\/saap-architecture.com\/en\/wp-json\/wp\/v2\/pages"}],"about":[{"href":"https:\/\/saap-architecture.com\/en\/wp-json\/wp\/v2\/types\/page"}],"author":[{"embeddable":true,"href":"https:\/\/saap-architecture.com\/en\/wp-json\/wp\/v2\/users\/1"}],"replies":[{"embeddable":true,"href":"https:\/\/saap-architecture.com\/en\/wp-json\/wp\/v2\/comments?post=100"}],"version-history":[{"count":1,"href":"https:\/\/saap-architecture.com\/en\/wp-json\/wp\/v2\/pages\/100\/revisions"}],"predecessor-version":[{"id":102,"href":"https:\/\/saap-architecture.com\/en\/wp-json\/wp\/v2\/pages\/100\/revisions\/102"}],"wp:attachment":[{"href":"https:\/\/saap-architecture.com\/en\/wp-json\/wp\/v2\/media?parent=100"}],"curies":[{"name":"wp","href":"https:\/\/api.w.org\/{rel}","templated":true}]}}